{"id":3,"date":"2025-09-28T12:12:41","date_gmt":"2025-09-28T12:12:41","guid":{"rendered":"http:\/\/proalul.cluster021.hosting.ovh.net\/?page_id=3"},"modified":"2026-04-27T12:44:36","modified_gmt":"2026-04-27T12:44:36","slug":"privacy-policy","status":"publish","type":"page","link":"https:\/\/www.proalu07.fr\/index.php\/privacy-policy\/","title":{"rendered":"Mentions l\u00e9gales"},"content":{"rendered":"\n<h2 class=\"wp-block-heading\">Informations de l&rsquo;entreprise<\/h2>\n\n\n\n<p>Entreprise <strong>PRO ALU<\/strong><\/p>\n\n\n\n<p>Dirigeants : Loic LABRY &amp; Vincent FAURE<strong><br><\/strong>SARL au capital de 5 000 \u20ac<br>Si\u00e8ge social : 2 LE RAIDILLON, 07200 AUBENAS<br>SIRET : 99199793300015<br>RCS : Aubenas <\/p>\n\n\n\n<p>NUMERO TVA\u00a0: FR55991997933<\/p>\n\n\n\n<h2 class=\"wp-block-heading\">Contacts <\/h2>\n\n\n\n<p>T\u00e9l&nbsp;: 09 70 70 20 03<\/p>\n\n\n\n<p>Mail&nbsp;: <a href=\"mailto:contact@proalu07.fr\">contact@proalu07.fr<\/a><\/p>\n\n\n\n<h2 class=\"wp-block-heading\">H\u00e9bergement du site<\/h2>\n\n\n\n<p>H\u00e9bergement : OVH SAS<br>2 rue Kellermann \u2013 59100 Roubaix \u2013 France<br>T\u00e9l\u00e9phone : 1007<\/p>\n\n\n\n<h2 class=\"wp-block-heading\">M\u00e9dias<\/h2>\n\n\n\n<p> L\u2019ensemble du contenu du site (textes, images, logos\u2026) est la propri\u00e9t\u00e9 de PRO ALU sauf mention contraire.<\/p>\n","protected":false},"excerpt":{"rendered":"<p>Informations de l&rsquo;entreprise Entreprise PRO ALU Dirigeants : Loic LABRY &amp; Vincent FAURESARL au capital de 5 000 \u20acSi\u00e8ge social : 2 LE RAIDILLON, 07200 AUBENASSIRET : 99199793300015RCS : Aubenas NUMERO TVA\u00a0: FR55991997933 Contacts T\u00e9l&nbsp;: 09 70 70 20 03 Mail&nbsp;: contact@proalu07.fr H\u00e9bergement du site H\u00e9bergement : OVH SAS2 rue Kellermann \u2013 59100 Roubaix \u2013 [&hellip;]<\/p>\n","protected":false},"author":1,"featured_media":0,"parent":0,"menu_order":0,"comment_status":"closed","ping_status":"open","template":"","meta":{"footnotes":""},"class_list":["post-3","page","type-page","status-publish","hentry"],"_links":{"self":[{"href":"https:\/\/www.proalu07.fr\/index.php\/wp-json\/wp\/v2\/pages\/3","targetHints":{"allow":["GET"]}}],"collection":[{"href":"https:\/\/www.proalu07.fr\/index.php\/wp-json\/wp\/v2\/pages"}],"about":[{"href":"https:\/\/www.proalu07.fr\/index.php\/wp-json\/wp\/v2\/types\/page"}],"author":[{"embeddable":true,"href":"https:\/\/www.proalu07.fr\/index.php\/wp-json\/wp\/v2\/users\/1"}],"replies":[{"embeddable":true,"href":"https:\/\/www.proalu07.fr\/index.php\/wp-json\/wp\/v2\/comments?post=3"}],"version-history":[{"count":2,"href":"https:\/\/www.proalu07.fr\/index.php\/wp-json\/wp\/v2\/pages\/3\/revisions"}],"predecessor-version":[{"id":143,"href":"https:\/\/www.proalu07.fr\/index.php\/wp-json\/wp\/v2\/pages\/3\/revisions\/143"}],"wp:attachment":[{"href":"https:\/\/www.proalu07.fr\/index.php\/wp-json\/wp\/v2\/media?parent=3"}],"curies":[{"name":"wp","href":"https:\/\/api.w.org\/{rel}","templated":true}]}}