{"id":144,"date":"2026-04-27T14:23:37","date_gmt":"2026-04-27T14:23:37","guid":{"rendered":"https:\/\/www.proalu07.fr\/?page_id=144"},"modified":"2026-04-28T08:37:50","modified_gmt":"2026-04-28T08:37:50","slug":"demande-de-devis","status":"publish","type":"page","link":"https:\/\/www.proalu07.fr\/index.php\/demande-de-devis\/","title":{"rendered":"Le prix de votre projet en 24h"},"content":{"rendered":"\n<div class=\"wp-block-group alignfull has-accent-4-background-color has-background is-vertical is-content-justification-center is-nowrap is-layout-flex wp-container-core-group-is-layout-2215816d wp-block-group-is-layout-flex\" style=\"min-height:100vh;margin-top:0;margin-bottom:0;padding-top:var(--wp--preset--spacing--50);padding-right:var(--wp--preset--spacing--50);padding-bottom:var(--wp--preset--spacing--50);padding-left:var(--wp--preset--spacing--50)\">\n<div class=\"wp-block-columns alignwide are-vertically-aligned-center is-layout-flex wp-container-core-columns-is-layout-47c06fe3 wp-block-columns-is-layout-flex\">\n<div class=\"wp-block-column is-vertically-aligned-center is-layout-flow wp-block-column-is-layout-flow\" style=\"flex-basis:40%\">\n<div class=\"wp-block-group is-layout-flow wp-container-core-group-is-layout-8f7ed23f wp-block-group-is-layout-flow\" style=\"min-height:100%;margin-top:0;margin-bottom:0;padding-right:0;padding-left:0\">\n<p><\/p>\n\n\n\n<h1 class=\"wp-block-heading has-text-align-right\" style=\"margin-right:0;margin-left:calc( var(--wp--preset--spacing--20) * -1);font-size:clamp(5.174rem, 5.174rem + ((1vw - 0.2rem) * 11.377), 12rem);line-height:1;writing-mode:vertical-rl\">DEVIS<\/h1>\n\n\n\n<p><\/p>\n\n\n\n<div class=\"wp-block-group has-global-padding is-content-justification-left is-layout-constrained wp-container-core-group-is-layout-0207514c wp-block-group-is-layout-constrained\" style=\"padding-right:0;padding-left:0\">\n<p class=\"wp-container-content-0733e5d0\">Pour vos demandes de devis envoyez un mail \u00e0 l&rsquo;adresse : <strong><a href=\"mailto:contact@proalu07.fr\">contact@proalu07.fr<\/a><\/strong> ou par t\u00e9l\u00e9phone au <a href=\"tel:0970702003\"><strong>09 70 70 20 03<\/strong><\/a><\/p>\n\n\n\n<div class=\"wp-block-buttons is-layout-flex wp-block-buttons-is-layout-flex\">\n<div class=\"wp-block-button\"><a class=\"wp-block-button__link wp-element-button\"><strong>DEMANDE DE DEVIS <\/strong><\/a><\/div>\n<\/div>\n<\/div>\n<\/div>\n<\/div>\n\n\n\n<div class=\"wp-block-column is-vertically-aligned-top is-layout-flow wp-block-column-is-layout-flow\" style=\"flex-basis:60%\">\n<figure class=\"wp-block-image size-large is-style-rounded is-style-rounded--1\"><img loading=\"lazy\" decoding=\"async\" width=\"1092\" height=\"820\" src=\"https:\/\/www.proalu07.fr\/wp-content\/uploads\/2026\/04\/original-CC648333-9404-482C-A2BD-8CB92F5B9FFF-edited-1.png\" alt=\"\" class=\"wp-image-147\" style=\"aspect-ratio:3\/4;object-fit:cover\" srcset=\"https:\/\/www.proalu07.fr\/wp-content\/uploads\/2026\/04\/original-CC648333-9404-482C-A2BD-8CB92F5B9FFF-edited-1.png 1092w, https:\/\/www.proalu07.fr\/wp-content\/uploads\/2026\/04\/original-CC648333-9404-482C-A2BD-8CB92F5B9FFF-edited-1-300x225.png 300w, https:\/\/www.proalu07.fr\/wp-content\/uploads\/2026\/04\/original-CC648333-9404-482C-A2BD-8CB92F5B9FFF-edited-1-1024x769.png 1024w, https:\/\/www.proalu07.fr\/wp-content\/uploads\/2026\/04\/original-CC648333-9404-482C-A2BD-8CB92F5B9FFF-edited-1-768x577.png 768w\" sizes=\"auto, (max-width: 1092px) 100vw, 1092px\" \/><\/figure>\n<\/div>\n<\/div>\n<\/div>\n","protected":false},"excerpt":{"rendered":"<p>DEVIS Pour vos demandes de devis envoyez un mail \u00e0 l&rsquo;adresse : contact@proalu07.fr ou par t\u00e9l\u00e9phone au 09 70 70 20 03<\/p>\n","protected":false},"author":1,"featured_media":0,"parent":0,"menu_order":0,"comment_status":"closed","ping_status":"closed","template":"","meta":{"footnotes":""},"class_list":["post-144","page","type-page","status-publish","hentry"],"_links":{"self":[{"href":"https:\/\/www.proalu07.fr\/index.php\/wp-json\/wp\/v2\/pages\/144","targetHints":{"allow":["GET"]}}],"collection":[{"href":"https:\/\/www.proalu07.fr\/index.php\/wp-json\/wp\/v2\/pages"}],"about":[{"href":"https:\/\/www.proalu07.fr\/index.php\/wp-json\/wp\/v2\/types\/page"}],"author":[{"embeddable":true,"href":"https:\/\/www.proalu07.fr\/index.php\/wp-json\/wp\/v2\/users\/1"}],"replies":[{"embeddable":true,"href":"https:\/\/www.proalu07.fr\/index.php\/wp-json\/wp\/v2\/comments?post=144"}],"version-history":[{"count":6,"href":"https:\/\/www.proalu07.fr\/index.php\/wp-json\/wp\/v2\/pages\/144\/revisions"}],"predecessor-version":[{"id":183,"href":"https:\/\/www.proalu07.fr\/index.php\/wp-json\/wp\/v2\/pages\/144\/revisions\/183"}],"wp:attachment":[{"href":"https:\/\/www.proalu07.fr\/index.php\/wp-json\/wp\/v2\/media?parent=144"}],"curies":[{"name":"wp","href":"https:\/\/api.w.org\/{rel}","templated":true}]}}